{"id":5152,"date":"2025-06-23T14:14:59","date_gmt":"2025-06-23T12:14:59","guid":{"rendered":"https:\/\/mosteramfi.no\/informasjonskapslar\/"},"modified":"2025-06-23T15:01:26","modified_gmt":"2025-06-23T13:01:26","slug":"informasjonskapslar","status":"publish","type":"page","link":"https:\/\/mosteramfi.no\/en\/informasjonskapslar\/","title":{"rendered":"Informasjonskapslar"},"content":{"rendered":"\n<h3 class=\"wp-block-heading\">Kva er informasjonskapslar?<\/h3>\n\n<p>Ein informasjonskapsel, \u00f2g kalla \u00abcookie\u00bb, er ei lita tekstfil som blir kryptert og lagra av nettlesaren p\u00e5 din maskin. Informasjonskapslar fr\u00e5 nettstaden v\u00e5r inneheld ingen personleg informasjon om deg. Du kan n\u00e5r som helst deaktivera bruken av informasjonskapslar via innstillingane i nettlesaren din.<\/p>\n\n<h3 class=\"wp-block-heading\">Kvifor bruke informasjonskapslar og kva type brukar me?<\/h3>\n\n<p>Me brukar ulike informasjonskapslar til anonyme, statistiske analysar, prim\u00e6rt i Google sitt analyseverkt\u00f8y for bes\u00f8ksstatistikk. Statistikk blir registrert anonymt, og kan ikkje tilbakef\u00f8rast til kvar enkelt brukar.<\/p>\n\n<p>Eit analyseverkt\u00f8y som blir nytta for \u00e5 analysere nettstadstrafikk og bruksm\u00f8nstre. Dataa blir nytta til \u00e5 forbetre brukaropplevinga av nettstaden. Dataa som blir samla inn blir lagra p\u00e5 Google sine tenarar. Alle opplysningar er underlagt Google sine retningslinjer for personvern.<\/p>\n\n<p>Den siste informasjonskapselen sida v\u00e5r nyttar, blir brukt til \u00e5 sj\u00e5 om du har valt \u00e5 stenga varselet om informasjonskapslar. Kapselen gjer at du slepp \u00e5 bli varsla om at sim.as nyttar informasjonskapslar kvar gong du bes\u00f8ker sida v\u00e5r. Kapselen lagrar ikkje personleg informasjon, og kan ikkje tilbakef\u00f8rast til sluttbrukar.<\/p>\n\n<h3 class=\"wp-block-heading\">Administrering av informasjonskapslar<\/h3>\n\n<p>Du kan administrera informasjonskapslar direkte i nettlesaren, anten gjennom \u00e5 slette dei eksisterande eller hindre nye i \u00e5 bli lagra. Dei fleste nettlesarar tilbyr ogs\u00e5 \u00abinkognito-modus\u00bb, som forhindrar at kapslane blir lagra i ein enkelt sesjon. Du finn meir informasjon p\u00e5 nettlesaren sine hjelpesider.<\/p>\n\n<p>Hugs at informasjonskapslar berre gjeld for den enkelte nettlesaren p\u00e5 \u00e9in enkelt eining. Om du til d\u00f8mes lager reglar eller slettar kapslar i Chrome p\u00e5 mobiltelefonen din, vil ikkje desse innstillingane gjelde for Firefox p\u00e5 laptopen din. Det finns likevel nettlesarar som synkroniserar p\u00e5 tvers av einingane.<\/p>\n\n<p><a href=\"https:\/\/nettvett.no\/slik-administrer-du-informasjonskapsler\/\">Slik administrerer du informasjonskapslar (nettvett.no)<\/a><\/p>\n","protected":false},"excerpt":{"rendered":"<p>Kva er informasjonskapslar? Ein informasjonskapsel, \u00f2g kalla \u00abcookie\u00bb, er ei lita tekstfil som blir kryptert og lagra av nettlesaren p\u00e5 din maskin. Informasjonskapslar fr\u00e5 nettstaden v\u00e5r inneheld ingen personleg informasjon om deg. Du kan n\u00e5r som helst deaktivera bruken av informasjonskapslar via innstillingane i nettlesaren din. Kvifor bruke informasjonskapslar og kva type brukar me? Me [&hellip;]<\/p>\n","protected":false},"author":2,"featured_media":0,"parent":0,"menu_order":0,"comment_status":"closed","ping_status":"open","template":"","meta":{"_acf_changed":false,"footnotes":""},"class_list":["post-5152","page","type-page","status-publish","hentry"],"acf":[],"jetpack_sharing_enabled":true,"_links":{"self":[{"href":"https:\/\/mosteramfi.no\/en\/wp-json\/wp\/v2\/pages\/5152","targetHints":{"allow":["GET"]}}],"collection":[{"href":"https:\/\/mosteramfi.no\/en\/wp-json\/wp\/v2\/pages"}],"about":[{"href":"https:\/\/mosteramfi.no\/en\/wp-json\/wp\/v2\/types\/page"}],"author":[{"embeddable":true,"href":"https:\/\/mosteramfi.no\/en\/wp-json\/wp\/v2\/users\/2"}],"replies":[{"embeddable":true,"href":"https:\/\/mosteramfi.no\/en\/wp-json\/wp\/v2\/comments?post=5152"}],"version-history":[{"count":1,"href":"https:\/\/mosteramfi.no\/en\/wp-json\/wp\/v2\/pages\/5152\/revisions"}],"predecessor-version":[{"id":5153,"href":"https:\/\/mosteramfi.no\/en\/wp-json\/wp\/v2\/pages\/5152\/revisions\/5153"}],"wp:attachment":[{"href":"https:\/\/mosteramfi.no\/en\/wp-json\/wp\/v2\/media?parent=5152"}],"curies":[{"name":"wp","href":"https:\/\/api.w.org\/{rel}","templated":true}]}}