{"id":5148,"date":"2025-06-23T13:49:00","date_gmt":"2025-06-23T11:49:00","guid":{"rendered":"https:\/\/mosteramfi.no\/coastal-pilgrim-route\/"},"modified":"2025-06-23T13:49:00","modified_gmt":"2025-06-23T11:49:00","slug":"coastal-pilgrim-route","status":"publish","type":"page","link":"https:\/\/mosteramfi.no\/en\/coastal-pilgrim-route\/","title":{"rendered":"Coastal Pilgrim Route"},"content":{"rendered":"\n<p>The Coastal Pilgrim Route is the name of the pilgrim way from Egersund up to Nidaros. Nidaros was the most important place of pilgrimage in Northern Europe until the Reformation in 1537. Pilgrims from Norway and beyond travelled along the coastal route up to Nidaros, where the relics of Olav the Holy lay. As early as 1075, Nidaros was mentioned as a place of pilgrimage for pilgrims. Travelling as a pilgrim along the Norwegian coast could involve many stops on the way, and could mean a dangerous journey with harsh weather and pirates.<br\/><br\/><\/p>\n\n<p>Between Egersund and Nidaros, Moster stands out as an important stopping point on the route, with Moster Old Church as an important heritage site and one of Norway\u2019s national treasures.<br\/>Source:<br\/>https:\/\/nn.wikipedia.org\/wiki\/Kystpilegrimsleia#cite_note-3<br\/><\/p>\n\n<p>I <a href=\"https:\/\/www.fjordnorway.com\/no\/se-og-gjore\/moster-amfi\">Moster Amfi<\/a> kan du f\u00e5 stempel i &#8220;pilegrimspasset&#8221;. Har du ikkje pass kan du sj\u00f8lvsagt kj\u00f8pe eit i v\u00e5r Kaupang. Ynskjer du overnatting har me eit eige hus der det er h\u00f8ve til \u00e5 overnatta. Telegrafen har fleire sengeplassar, kokemuligheter og rom for sosialt samv\u00e6r.<\/p>\n\n<p>A pilgrim is a person who for spiritual reasons travels to a holy place. For many, their goal was a saint\u2019s grave or holy relics, while for others, the journey itself was the point.<\/p>\n\n<p>These days, the Coastal Pilgrim Route aims to give us a deeper understanding of the cultural history and religious aspects of the pilgrimage tradition. It is a journey on which we can experience coastal history, heritage sites and church history, but at the same time, it also aims to increase our understanding of the environment and promote activity and public health.<br\/><\/p>\n\n<p>Welcome!<\/p>\n\n<p><\/p>\n","protected":false},"excerpt":{"rendered":"<p>The Coastal Pilgrim Route is the name of the pilgrim way from Egersund up to Nidaros. Nidaros was the most important place of pilgrimage in Northern Europe until the Reformation in 1537. Pilgrims from Norway and beyond travelled along the coastal route up to Nidaros, where the relics of Olav the Holy lay. As early [&hellip;]<\/p>\n","protected":false},"author":6,"featured_media":4631,"parent":0,"menu_order":0,"comment_status":"closed","ping_status":"closed","template":"","meta":{"_acf_changed":false,"footnotes":""},"class_list":["post-5148","page","type-page","status-publish","has-post-thumbnail","hentry"],"acf":[],"jetpack_sharing_enabled":true,"_links":{"self":[{"href":"https:\/\/mosteramfi.no\/en\/wp-json\/wp\/v2\/pages\/5148","targetHints":{"allow":["GET"]}}],"collection":[{"href":"https:\/\/mosteramfi.no\/en\/wp-json\/wp\/v2\/pages"}],"about":[{"href":"https:\/\/mosteramfi.no\/en\/wp-json\/wp\/v2\/types\/page"}],"author":[{"embeddable":true,"href":"https:\/\/mosteramfi.no\/en\/wp-json\/wp\/v2\/users\/6"}],"replies":[{"embeddable":true,"href":"https:\/\/mosteramfi.no\/en\/wp-json\/wp\/v2\/comments?post=5148"}],"version-history":[{"count":1,"href":"https:\/\/mosteramfi.no\/en\/wp-json\/wp\/v2\/pages\/5148\/revisions"}],"predecessor-version":[{"id":5149,"href":"https:\/\/mosteramfi.no\/en\/wp-json\/wp\/v2\/pages\/5148\/revisions\/5149"}],"wp:featuredmedia":[{"embeddable":true,"href":"https:\/\/mosteramfi.no\/en\/wp-json\/wp\/v2\/media\/4631"}],"wp:attachment":[{"href":"https:\/\/mosteramfi.no\/en\/wp-json\/wp\/v2\/media?parent=5148"}],"curies":[{"name":"wp","href":"https:\/\/api.w.org\/{rel}","templated":true}]}}