{"id":4113,"date":"2022-04-19T13:03:53","date_gmt":"2022-04-19T11:03:53","guid":{"rendered":"https:\/\/mosteramfi.no\/willkommen-bei-moster-amfi\/"},"modified":"2025-08-22T14:30:47","modified_gmt":"2025-08-22T12:30:47","slug":"willkommen-bei-moster-amfi","status":"publish","type":"page","link":"https:\/\/mosteramfi.no\/de\/","title":{"rendered":"Willkommen bei Moster Amfi"},"content":{"rendered":"\n<p><p>Hier k\u00f6nnen Sie die Geschichte erleben, wie das christliche Recht in Norwegen eingef\u00fchrt wurde, und die Kirche von Olav Tryggvason besuchen. Dar\u00fcber hinaus organisieren wir eine Reihe von kulturellen Aktivit\u00e4ten sowohl auf der Freilichtb\u00fchne als auch im Amphitheater sowie im Caf\u00e9.<\/p><\/p>\n\n<p><strong>\u00d6ffnungszeiten:<\/strong><\/p>\n\n<p><strong>Ab Dienstag, den 19.08.: Dienstag, Mittwoch, Donnerstag<\/strong><\/p>\n\n<p><strong>11:00 &#8211; 15:00<\/strong><\/p>\n\n<p><strong>Au\u00dferhalb der Sommersaison ist das Moster Amfi und kirchengeschichtliche Zentrum auf Anfrage ge\u00f6ffnet. Kontaktieren Sie uns per E-Mail oder Telefon \u2013 wir stellen gerne ein individuelles Programm f\u00fcr Sie zusammen!<\/strong><\/p>\n\n<p><\/p>\n\n<p>Das Moster Amfi und das kirchengeschichtliche Zentrum bewahren die nationale Geschichte und bieten F\u00fchrungen durch die <strong>Alte Kirche von Moster<\/strong>, die Ausstellung <strong>\u201eVom Heidentum zum Christentum\u201c<\/strong>, <strong>Steinreiches B\u00f8mlo<\/strong> (Bergwerktunnel) sowie die neue Ausstellung, die am 1. Juni 2024 er\u00f6ffnet wurde: <strong>\u201eVon Macht zu Recht \u2013 Wer hat die Macht?\u201c<\/strong><\/p>\n\n<p>Das Moster Amfi und kirchengeschichtliche Zentrum verf\u00fcgt \u00fcber ein eigenes Caf\u00e9, in dem man \u201eS\u00fc\u00dfes und Salziges\u201c sowie Eintrittskarten f\u00fcr die verschiedenen Ausstellungen kaufen kann.<\/p>\n\n<p><\/p>\n\n<p>Moster Amfi ist Schl\u00fcsselort Nr. 6 auf dem K\u00fcstenpilgerweg, und du hast die M\u00f6glichkeit, einen Stempel in deinen Pilgerpass zu bekommen oder einen Pass in unserem Kaupang zu kaufen.<\/p>\n\n<p>Im <a href=\"https:\/\/www.facebook.com\/mosteramfi?__cft__[0]=AZU7GdnzB71t2J7McCWmsSDh4Zlou9o7Vz0SyEk3kSIcRubf7fo1M4anyQeIfO1b4rLyHH9LgdTuaLzzsRXE0citzNbJkC7fZip0ZTyLq_LumdgZaW9Ntfk7JcBADrIQmv1UlIu1bvh98G3VrUECWol8CMLp2JKuhSWUQ0NVzwbfyQ&amp;__tn__=-]K-y-R\">Moster Amfi<\/a> kannst du Vergangenheit und Gegenwart entdecken \u2013 auf eigene Faust oder gemeinsam mit anderen!<\/p>\n\n<p><\/p>\n\n<p><\/p>\n\n<p><\/p>\n\n<p><\/p>\n","protected":false},"excerpt":{"rendered":"<p>Moster Amfi ist ein Kultur- und Erlebniszentrum auf historischem Gel\u00e4nde in Moster in der westnorwegischen Provinz Vestland.<\/p>\n","protected":false},"author":2,"featured_media":0,"parent":0,"menu_order":-2,"comment_status":"closed","ping_status":"closed","template":"","meta":{"_acf_changed":false,"footnotes":""},"class_list":["post-4113","page","type-page","status-publish","hentry"],"acf":[],"jetpack_sharing_enabled":true,"_links":{"self":[{"href":"https:\/\/mosteramfi.no\/de\/wp-json\/wp\/v2\/pages\/4113","targetHints":{"allow":["GET"]}}],"collection":[{"href":"https:\/\/mosteramfi.no\/de\/wp-json\/wp\/v2\/pages"}],"about":[{"href":"https:\/\/mosteramfi.no\/de\/wp-json\/wp\/v2\/types\/page"}],"author":[{"embeddable":true,"href":"https:\/\/mosteramfi.no\/de\/wp-json\/wp\/v2\/users\/2"}],"replies":[{"embeddable":true,"href":"https:\/\/mosteramfi.no\/de\/wp-json\/wp\/v2\/comments?post=4113"}],"version-history":[{"count":10,"href":"https:\/\/mosteramfi.no\/de\/wp-json\/wp\/v2\/pages\/4113\/revisions"}],"predecessor-version":[{"id":5181,"href":"https:\/\/mosteramfi.no\/de\/wp-json\/wp\/v2\/pages\/4113\/revisions\/5181"}],"wp:attachment":[{"href":"https:\/\/mosteramfi.no\/de\/wp-json\/wp\/v2\/media?parent=4113"}],"curies":[{"name":"wp","href":"https:\/\/api.w.org\/{rel}","templated":true}]}}