{"id":4093,"date":"2022-04-06T15:14:15","date_gmt":"2022-04-06T13:14:15","guid":{"rendered":"https:\/\/mosteramfi.no\/historisches-moster\/"},"modified":"2025-06-23T12:59:54","modified_gmt":"2025-06-23T10:59:54","slug":"historisches-moster","status":"publish","type":"page","link":"https:\/\/mosteramfi.no\/de\/historisches-moster\/","title":{"rendered":"Historisches Moster"},"content":{"rendered":"","protected":false},"excerpt":{"rendered":"<p>Das Meer und der K\u00fcstenweg waren wichtig als Grundlage f\u00fcr Gesch\u00e4fte, aber auch f\u00fcr Handel, Machtk\u00e4mpfe und neue Impulse aus dem gro\u00dfen Ausland. Mitten auf dem K\u00fcstenweg in der westnorwegischen Provinz Vestland liegt Moster mit dem warmen, sicheren Hafen Mosterhamn. Gro\u00dfe Wikingerk\u00f6nige waren hier an Land und haben entscheidende nationalgeschichtliche Spuren hinterlassen.<\/p>\n","protected":false},"author":2,"featured_media":4890,"parent":0,"menu_order":0,"comment_status":"closed","ping_status":"closed","template":"","meta":{"_acf_changed":false,"footnotes":""},"class_list":["post-4093","page","type-page","status-publish","has-post-thumbnail","hentry"],"acf":[],"jetpack_sharing_enabled":true,"_links":{"self":[{"href":"https:\/\/mosteramfi.no\/de\/wp-json\/wp\/v2\/pages\/4093","targetHints":{"allow":["GET"]}}],"collection":[{"href":"https:\/\/mosteramfi.no\/de\/wp-json\/wp\/v2\/pages"}],"about":[{"href":"https:\/\/mosteramfi.no\/de\/wp-json\/wp\/v2\/types\/page"}],"author":[{"embeddable":true,"href":"https:\/\/mosteramfi.no\/de\/wp-json\/wp\/v2\/users\/2"}],"replies":[{"embeddable":true,"href":"https:\/\/mosteramfi.no\/de\/wp-json\/wp\/v2\/comments?post=4093"}],"version-history":[{"count":1,"href":"https:\/\/mosteramfi.no\/de\/wp-json\/wp\/v2\/pages\/4093\/revisions"}],"predecessor-version":[{"id":5128,"href":"https:\/\/mosteramfi.no\/de\/wp-json\/wp\/v2\/pages\/4093\/revisions\/5128"}],"wp:featuredmedia":[{"embeddable":true,"href":"https:\/\/mosteramfi.no\/de\/wp-json\/wp\/v2\/media\/4890"}],"wp:attachment":[{"href":"https:\/\/mosteramfi.no\/de\/wp-json\/wp\/v2\/media?parent=4093"}],"curies":[{"name":"wp","href":"https:\/\/api.w.org\/{rel}","templated":true}]}}