{"id":4088,"date":"2022-04-06T14:49:01","date_gmt":"2022-04-06T12:49:01","guid":{"rendered":"https:\/\/mosteramfi.no\/was-ist-los\/"},"modified":"2022-04-06T14:49:01","modified_gmt":"2022-04-06T12:49:01","slug":"was-ist-los","status":"publish","type":"page","link":"https:\/\/mosteramfi.no\/de\/was-ist-los\/","title":{"rendered":"Was ist los?"},"content":{"rendered":"\n<h2 class=\"wp-block-heading\">Kulturkalender<\/h2>\n<div class=\"mec-wrap mec-skin-grid-container  \" id=\"mec_skin_2360\">\r\n    \r\n    <div id=\"mec_search_form_2360\" class=\"mec-search-form mec-totalcal-box\"><div class=\"mec-dropdown-wrap\" ><div class=\"mec-dropdown-search\">\r\n                    <i class=\"mec-sl-tag\"><\/i><select  name=' ' id='mec_sf_tag_2360' class='postform'>\n\t<option value='' selected='selected'>Schlagwort<\/option>\n<\/select>\n<\/div><\/div><div class=\"mec-date-search\"><input type=\"hidden\" id=\"mec-filter-none\" value=\"W\u00e4hlen\">\r\n                    <i class=\"mec-sl-calendar\"><\/i>\r\n                    <select id=\"mec_sf_month_2360\"><option class=\"mec-none-item\" value=\"none\" selected=\"selected\">W\u00e4hlen<\/option><option value=\"01\" >Januar<\/option><option value=\"02\" >Februar<\/option><option value=\"03\" >M\u00e4rz<\/option><option value=\"04\" >April<\/option><option value=\"05\" >Mai<\/option><option value=\"06\" >Juni<\/option><option value=\"07\" >Juli<\/option><option value=\"08\" >August<\/option><option value=\"09\" >September<\/option><option value=\"10\" >Oktober<\/option><option value=\"11\" >November<\/option><option value=\"12\" >Dezember<\/option><\/select><select id=\"mec_sf_year_2360\"><option class=\"mec-none-item\" value=\"none\" selected=\"selected\">W\u00e4hlen<\/option><option value=\"2026\" >2026<\/option><option value=\"2027\" >2027<\/option><option value=\"2028\" >2028<\/option><option value=\"2029\" >2029<\/option><option value=\"2030\" >2030<\/option><option value=\"2031\" >2031<\/option><option value=\"2032\" >2032<\/option><option value=\"2033\" >2033<\/option><option value=\"2034\" >2034<\/option><\/select><\/div><\/div>    \r\n        <div class=\"mec-skin-grid-events-container\" id=\"mec_skin_events_2360\">\r\n        Keine Veranstaltung gefunden!    <\/div>\r\n        \r\n        \r\n<\/div>\n","protected":false},"excerpt":{"rendered":"<p>Erleben Sie Kultur und Geschichte in und um Nordeuropas sch\u00f6nstes Freilufttheater! Von gro\u00dfartigen Musicals und Spielen \u00fcber Familientage und intime Konzerte, Ausstellungen und Seminare \u2013 wir bieten das ganze Jahr \u00fcber ein reichhaltiges und abwechslungsreiches Programm f\u00fcr Jung und Alt.<\/p>\n","protected":false},"author":2,"featured_media":4784,"parent":0,"menu_order":0,"comment_status":"closed","ping_status":"closed","template":"","meta":{"_acf_changed":false,"footnotes":""},"class_list":["post-4088","page","type-page","status-publish","has-post-thumbnail","hentry"],"acf":[],"jetpack_sharing_enabled":true,"_links":{"self":[{"href":"https:\/\/mosteramfi.no\/de\/wp-json\/wp\/v2\/pages\/4088","targetHints":{"allow":["GET"]}}],"collection":[{"href":"https:\/\/mosteramfi.no\/de\/wp-json\/wp\/v2\/pages"}],"about":[{"href":"https:\/\/mosteramfi.no\/de\/wp-json\/wp\/v2\/types\/page"}],"author":[{"embeddable":true,"href":"https:\/\/mosteramfi.no\/de\/wp-json\/wp\/v2\/users\/2"}],"replies":[{"embeddable":true,"href":"https:\/\/mosteramfi.no\/de\/wp-json\/wp\/v2\/comments?post=4088"}],"version-history":[{"count":1,"href":"https:\/\/mosteramfi.no\/de\/wp-json\/wp\/v2\/pages\/4088\/revisions"}],"predecessor-version":[{"id":4089,"href":"https:\/\/mosteramfi.no\/de\/wp-json\/wp\/v2\/pages\/4088\/revisions\/4089"}],"wp:featuredmedia":[{"embeddable":true,"href":"https:\/\/mosteramfi.no\/de\/wp-json\/wp\/v2\/media\/4784"}],"wp:attachment":[{"href":"https:\/\/mosteramfi.no\/de\/wp-json\/wp\/v2\/media?parent=4088"}],"curies":[{"name":"wp","href":"https:\/\/api.w.org\/{rel}","templated":true}]}}